{"id":1160,"date":"2019-12-15T06:01:36","date_gmt":"2019-12-15T06:01:36","guid":{"rendered":"http:\/\/pluginspoint.com\/chariton\/\/?page_id=1160"},"modified":"2026-04-14T11:13:03","modified_gmt":"2026-04-14T11:13:03","slug":"contact","status":"publish","type":"page","link":"https:\/\/fundatiasfantulspiridon.ro\/index.php\/contact\/","title":{"rendered":"Contact"},"content":{"rendered":"\t\t<div data-elementor-type=\"wp-page\" data-elementor-id=\"1160\" class=\"elementor elementor-1160\" data-elementor-post-type=\"page\">\n\t\t\t\t\t\t<section class=\"elementor-section elementor-top-section elementor-element elementor-element-3688ee2 elementor-section-boxed elementor-section-height-default elementor-section-height-default\" data-id=\"3688ee2\" data-element_type=\"section\">\n\t\t\t\t\t\t<div class=\"elementor-container elementor-column-gap-default\">\n\t\t\t\t\t<div class=\"elementor-column elementor-col-100 elementor-top-column elementor-element elementor-element-5879f8b\" data-id=\"5879f8b\" data-element_type=\"column\">\n\t\t\t<div class=\"elementor-widget-wrap elementor-element-populated\">\n\t\t\t\t\t\t<section class=\"elementor-section elementor-inner-section elementor-element elementor-element-e300491 elementor-section-boxed elementor-section-height-default elementor-section-height-default\" data-id=\"e300491\" data-element_type=\"section\">\n\t\t\t\t\t\t<div class=\"elementor-container elementor-column-gap-default\">\n\t\t\t\t\t<div class=\"elementor-column elementor-col-33 elementor-inner-column elementor-element elementor-element-3d758dd\" data-id=\"3d758dd\" data-element_type=\"column\">\n\t\t\t<div class=\"elementor-widget-wrap elementor-element-populated\">\n\t\t\t\t\t\t<div class=\"elementor-element elementor-element-ce1de6a elementor-widget elementor-widget-single-contact\" data-id=\"ce1de6a\" data-element_type=\"widget\" data-widget_type=\"single-contact.default\">\n\t\t\t\t<div class=\"elementor-widget-container\">\n\t\t\t\t\t\r\n\t\t<div class=\"single-contact-box text-center\">\r\n\t\t\t<div class=\"contact-icon\">\r\n\t\t\t\t\t\t\t\t\t<img decoding=\"async\" src=\"https:\/\/ifingerstudio.com\/chariton\/wp-content\/uploads\/2024\/11\/contact_icon01.png\" alt=\"Contact icon\">\r\n\t\t\t\t\t\t\t\t<i class=\"ifs-icon far fa-check\"><\/i>\r\n\t\t\t<\/div>\r\n\t\t\t<div class=\"contact-info\">\r\n\t\t\t\t<h4 >\r\n\t\t\t\t\tAdres\u0103 sediu\t\t\t\t<\/h4>\r\n\t\t\t\t<div class=\"contact-text\" >\r\n\t\t\t\t\t<p>Adresa: Strada Industriei nr. 169, bl. 33A, Br\u0103ila, Rom\u00e2nia<\/p>\t\t\t\t<\/div>\r\n\t\t\t<\/div>\r\n\t\t<\/div>\r\n\r\n\t\t\t\t\t\t<\/div>\n\t\t\t\t<\/div>\n\t\t\t\t\t<\/div>\n\t\t<\/div>\n\t\t\t\t<div class=\"elementor-column elementor-col-33 elementor-inner-column elementor-element elementor-element-6c2972e\" data-id=\"6c2972e\" data-element_type=\"column\">\n\t\t\t<div class=\"elementor-widget-wrap elementor-element-populated\">\n\t\t\t\t\t\t<div class=\"elementor-element elementor-element-31f0cb9 elementor-widget elementor-widget-single-contact\" data-id=\"31f0cb9\" data-element_type=\"widget\" data-widget_type=\"single-contact.default\">\n\t\t\t\t<div class=\"elementor-widget-container\">\n\t\t\t\t\t\r\n\t\t<div class=\"single-contact-box text-center\">\r\n\t\t\t<div class=\"contact-icon\">\r\n\t\t\t\t\t\t\t\t\t<img decoding=\"async\" src=\"https:\/\/ifingerstudio.com\/chariton\/wp-content\/uploads\/2024\/11\/contact_icon02.png\" alt=\"Contact icon\">\r\n\t\t\t\t\t\t\t\t<i class=\"ifs-icon far fa-check\"><\/i>\r\n\t\t\t<\/div>\r\n\t\t\t<div class=\"contact-info\">\r\n\t\t\t\t<h4 >\r\n\t\t\t\t\tNum\u0103r de telefon\t\t\t\t<\/h4>\r\n\t\t\t\t<div class=\"contact-text\" >\r\n\t\t\t\t\t\n            <a href=\"tel:+40712345678\">+40 712 345 678<\/a>\n\t\t\t\t<\/div>\r\n\t\t\t<\/div>\r\n\t\t<\/div>\r\n\r\n\t\t\t\t\t\t<\/div>\n\t\t\t\t<\/div>\n\t\t\t\t\t<\/div>\n\t\t<\/div>\n\t\t\t\t<div class=\"elementor-column elementor-col-33 elementor-inner-column elementor-element elementor-element-c0ded37\" data-id=\"c0ded37\" data-element_type=\"column\">\n\t\t\t<div class=\"elementor-widget-wrap elementor-element-populated\">\n\t\t\t\t\t\t<div class=\"elementor-element elementor-element-ac23064 elementor-widget elementor-widget-single-contact\" data-id=\"ac23064\" data-element_type=\"widget\" data-widget_type=\"single-contact.default\">\n\t\t\t\t<div class=\"elementor-widget-container\">\n\t\t\t\t\t\r\n\t\t<div class=\"single-contact-box text-center\">\r\n\t\t\t<div class=\"contact-icon\">\r\n\t\t\t\t\t\t\t\t\t<img decoding=\"async\" src=\"https:\/\/ifingerstudio.com\/chariton\/wp-content\/uploads\/2024\/11\/contact_icon03.png\" alt=\"Contact icon\">\r\n\t\t\t\t\t\t\t\t<i class=\"ifs-icon far fa-check\"><\/i>\r\n\t\t\t<\/div>\r\n\t\t\t<div class=\"contact-info\">\r\n\t\t\t\t<h4 >\r\n\t\t\t\t\tMail\t\t\t\t<\/h4>\r\n\t\t\t\t<div class=\"contact-text\" >\r\n\t\t\t\t\t<p>lilik_andrei@yahh.com<\/p>\t\t\t\t<\/div>\r\n\t\t\t<\/div>\r\n\t\t<\/div>\r\n\r\n\t\t\t\t\t\t<\/div>\n\t\t\t\t<\/div>\n\t\t\t\t\t<\/div>\n\t\t<\/div>\n\t\t\t\t\t<\/div>\n\t\t<\/section>\n\t\t\t\t\t<\/div>\n\t\t<\/div>\n\t\t\t\t\t<\/div>\n\t\t<\/section>\n\t\t\t\t<section class=\"elementor-section elementor-top-section elementor-element elementor-element-5b3d9ac elementor-section-boxed elementor-section-height-default elementor-section-height-default\" data-id=\"5b3d9ac\" data-element_type=\"section\">\n\t\t\t\t\t\t<div class=\"elementor-container elementor-column-gap-default\">\n\t\t\t\t\t<div class=\"elementor-column elementor-col-100 elementor-top-column elementor-element elementor-element-a85e072\" data-id=\"a85e072\" data-element_type=\"column\">\n\t\t\t<div class=\"elementor-widget-wrap elementor-element-populated\">\n\t\t\t\t\t\t<div class=\"elementor-element elementor-element-21a03fa elementor-widget elementor-widget-section-head\" data-id=\"21a03fa\" data-element_type=\"widget\" data-widget_type=\"section-head.default\">\n\t\t\t\t<div class=\"elementor-widget-container\">\n\t\t\t\t\t\t\t\t<div class=\"section-title text-center\">\r\n\t\t\t\t\t\t        <span >Scrie un mesaj<\/span>\r\n\t\t        \t\t        <h2 >Ai \u00eentreb\u0103ri?<\/h2>\r\n\t\t        \t\t\t<\/div>\r\n\t\t\t\t\t\t\t<\/div>\n\t\t\t\t<\/div>\n\t\t\t\t<div class=\"elementor-element elementor-element-3c2ab85 elementor-widget elementor-widget-shortcode\" data-id=\"3c2ab85\" data-element_type=\"widget\" data-widget_type=\"shortcode.default\">\n\t\t\t\t\t\t\t<div class=\"elementor-shortcode\">\n<div class=\"wpcf7 no-js\" id=\"wpcf7-f1701-o1\" lang=\"en-US\" dir=\"ltr\" data-wpcf7-id=\"1701\">\n<div class=\"screen-reader-response\"><p role=\"status\" aria-live=\"polite\" aria-atomic=\"true\"><\/p> <ul><\/ul><\/div>\n<form action=\"\/index.php\/wp-json\/wp\/v2\/pages\/1160#wpcf7-f1701-o1\" method=\"post\" class=\"wpcf7-form init\" aria-label=\"Contact form\" novalidate=\"novalidate\" data-status=\"init\">\n<fieldset class=\"hidden-fields-container\"><input type=\"hidden\" name=\"_wpcf7\" value=\"1701\" \/><input type=\"hidden\" name=\"_wpcf7_version\" value=\"6.1\" \/><input type=\"hidden\" name=\"_wpcf7_locale\" value=\"en_US\" \/><input type=\"hidden\" name=\"_wpcf7_unit_tag\" value=\"wpcf7-f1701-o1\" \/><input type=\"hidden\" name=\"_wpcf7_container_post\" value=\"0\" \/><input type=\"hidden\" name=\"_wpcf7_posted_data_hash\" value=\"\" \/>\n<\/fieldset>\n<div class=\"join-form\">\n\t<div class=\"join-from-box\">\n\t\t<p><span class=\"wpcf7-form-control-wrap\" data-name=\"your-name\"><input size=\"40\" maxlength=\"400\" class=\"wpcf7-form-control wpcf7-text wpcf7-validates-as-required\" aria-required=\"true\" aria-invalid=\"false\" placeholder=\"Numele t\u0103u\" value=\"\" type=\"text\" name=\"your-name\" \/><\/span><i class=\"far fa-user\"><\/i>\n\t\t<\/p>\n\t<\/div>\n\t<div class=\"join-from-box\">\n\t\t<p><span class=\"wpcf7-form-control-wrap\" data-name=\"your-email\"><input size=\"40\" maxlength=\"400\" class=\"wpcf7-form-control wpcf7-email wpcf7-validates-as-required wpcf7-text wpcf7-validates-as-email\" aria-required=\"true\" aria-invalid=\"false\" placeholder=\"Emailul t\u0103u\" value=\"\" type=\"email\" name=\"your-email\" \/><\/span><i class=\"far fa-envelope\"><\/i>\n\t\t<\/p>\n\t<\/div>\n\t<div class=\"join-from-box\">\n\t\t<p><span class=\"wpcf7-form-control-wrap\" data-name=\"your-phone\"><input size=\"40\" maxlength=\"400\" class=\"wpcf7-form-control wpcf7-text\" aria-invalid=\"false\" placeholder=\"Num\u0103rul t\u0103u de telefon\" value=\"\" type=\"text\" name=\"your-phone\" \/><\/span><i class=\"far fa-phone\"><\/i>\n\t\t<\/p>\n\t<\/div>\n\t<div class=\"join-from-box\">\n\t\t<p><span class=\"wpcf7-form-control-wrap\" data-name=\"accept-terms\"><span class=\"wpcf7-form-control wpcf7-acceptance\"><span class=\"wpcf7-list-item\"><label><input type=\"checkbox\" name=\"accept-terms\" value=\"1\" aria-invalid=\"false\" \/><span class=\"wpcf7-list-item-label\">Sunt de acord cu prelucrarea datelor personale<\/span><\/label><\/span><\/span><\/span>\n\t\t<\/p>\n\t<\/div>\n\t<p><button class=\"btn\"><i class=\"fas fa-users\"><\/i>Trimite<\/button>\n\t<\/p>\n<\/div><div class=\"wpcf7-response-output\" aria-hidden=\"true\"><\/div>\n<\/form>\n<\/div>\n<\/div>\n\t\t\t\t\t\t<\/div>\n\t\t\t\t\t<\/div>\n\t\t<\/div>\n\t\t\t\t\t<\/div>\n\t\t<\/section>\n\t\t\t\t<section class=\"elementor-section elementor-top-section elementor-element elementor-element-16f8faa elementor-section-boxed elementor-section-height-default elementor-section-height-default\" data-id=\"16f8faa\" data-element_type=\"section\">\n\t\t\t\t\t\t<div class=\"elementor-container elementor-column-gap-default\">\n\t\t\t\t\t<div class=\"elementor-column elementor-col-100 elementor-top-column elementor-element elementor-element-cfc40ea\" data-id=\"cfc40ea\" data-element_type=\"column\">\n\t\t\t<div class=\"elementor-widget-wrap elementor-element-populated\">\n\t\t\t\t\t\t<div class=\"elementor-element elementor-element-de3caa0 elementor-widget elementor-widget-google_maps\" data-id=\"de3caa0\" data-element_type=\"widget\" data-widget_type=\"google_maps.default\">\n\t\t\t\t\t\t\t<div class=\"elementor-custom-embed\">\n\t\t\t<iframe loading=\"lazy\"\n\t\t\t\t\tsrc=\"https:\/\/maps.google.com\/maps?q=Strada%20Industriei%20nr.%20169%2C%20bl.%2033A%2C%20Br%C4%83ila%2C%20Rom%C3%A2nia&#038;t=m&#038;z=15&#038;output=embed&#038;iwloc=near\"\n\t\t\t\t\ttitle=\"Strada Industriei nr. 169, bl. 33A, Br\u0103ila, Rom\u00e2nia\"\n\t\t\t\t\taria-label=\"Strada Industriei nr. 169, bl. 33A, Br\u0103ila, Rom\u00e2nia\"\n\t\t\t><\/iframe>\n\t\t<\/div>\n\t\t\t\t\t\t<\/div>\n\t\t\t\t\t<\/div>\n\t\t<\/div>\n\t\t\t\t\t<\/div>\n\t\t<\/section>\n\t\t\t\t<\/div>\n\t\t","protected":false},"excerpt":{"rendered":"<p>Adres\u0103 sediu Adresa: Strada Industriei nr. 169, bl. 33A, Br\u0103ila, Rom\u00e2nia Num\u0103r de telefon +40 712 345 678 Mail lilik_andrei@yahh.com Scrie un mesaj Ai \u00eentreb\u0103ri?<\/p>\n","protected":false},"author":1,"featured_media":0,"parent":0,"menu_order":0,"comment_status":"closed","ping_status":"closed","template":"page-template\/blank-page-sidebar.php","meta":{"_acf_changed":false,"footnotes":""},"class_list":["post-1160","page","type-page","status-publish","hentry"],"acf":[],"_links":{"self":[{"href":"https:\/\/fundatiasfantulspiridon.ro\/index.php\/wp-json\/wp\/v2\/pages\/1160","targetHints":{"allow":["GET"]}}],"collection":[{"href":"https:\/\/fundatiasfantulspiridon.ro\/index.php\/wp-json\/wp\/v2\/pages"}],"about":[{"href":"https:\/\/fundatiasfantulspiridon.ro\/index.php\/wp-json\/wp\/v2\/types\/page"}],"author":[{"embeddable":true,"href":"https:\/\/fundatiasfantulspiridon.ro\/index.php\/wp-json\/wp\/v2\/users\/1"}],"replies":[{"embeddable":true,"href":"https:\/\/fundatiasfantulspiridon.ro\/index.php\/wp-json\/wp\/v2\/comments?post=1160"}],"version-history":[{"count":13,"href":"https:\/\/fundatiasfantulspiridon.ro\/index.php\/wp-json\/wp\/v2\/pages\/1160\/revisions"}],"predecessor-version":[{"id":3242,"href":"https:\/\/fundatiasfantulspiridon.ro\/index.php\/wp-json\/wp\/v2\/pages\/1160\/revisions\/3242"}],"wp:attachment":[{"href":"https:\/\/fundatiasfantulspiridon.ro\/index.php\/wp-json\/wp\/v2\/media?parent=1160"}],"curies":[{"name":"wp","href":"https:\/\/api.w.org\/{rel}","templated":true}]}}