{"id":3175,"date":"2025-10-16T11:36:08","date_gmt":"2025-10-16T11:36:08","guid":{"rendered":"https:\/\/fundatiasfantulspiridon.ro\/?page_id=3175"},"modified":"2025-10-16T11:38:24","modified_gmt":"2025-10-16T11:38:24","slug":"procedura-de-incetare-a-acordarii-serviciilor","status":"publish","type":"page","link":"https:\/\/fundatiasfantulspiridon.ro\/index.php\/procedura-de-incetare-a-acordarii-serviciilor\/","title":{"rendered":"Procedura de \u00eencetare a acord\u0103rii serviciilor"},"content":{"rendered":"\t\t<div data-elementor-type=\"wp-page\" data-elementor-id=\"3175\" class=\"elementor elementor-3175\" data-elementor-post-type=\"page\">\n\t\t\t\t\t\t<section class=\"elementor-section elementor-top-section elementor-element elementor-element-3688ee2 elementor-section-boxed elementor-section-height-default elementor-section-height-default\" data-id=\"3688ee2\" data-element_type=\"section\">\n\t\t\t\t\t\t<div class=\"elementor-container elementor-column-gap-default\">\n\t\t\t\t\t<div class=\"elementor-column elementor-col-100 elementor-top-column elementor-element elementor-element-5879f8b\" data-id=\"5879f8b\" data-element_type=\"column\">\n\t\t\t<div class=\"elementor-widget-wrap elementor-element-populated\">\n\t\t\t\t<div class=\"elementor-element elementor-element-be5713b e-flex e-con-boxed e-con e-parent\" data-id=\"be5713b\" data-element_type=\"container\">\n\t\t\t\t\t<div class=\"e-con-inner\">\n\t\t\t\t<div class=\"elementor-element elementor-element-95e6758 elementor-widget-mobile__width-inherit elementor-widget elementor-widget-shortcode\" data-id=\"95e6758\" data-element_type=\"widget\" data-widget_type=\"shortcode.default\">\n\t\t\t\t\t\t\t<div class=\"elementor-shortcode\">\t<div class=\"_df_book df-lite\" id=\"df_3176\"  _slug=\"procedura-de-incetare-a-acordarii-serviciilor\" data-title=\"procedura-de-incetare-a-acordarii-serviciilor\" wpoptions=\"true\" thumbtype=\"\" ><\/div><script class=\"df-shortcode-script\" nowprocket type=\"application\/javascript\">window.option_df_3176 = {\"outline\":[],\"backgroundColor\":\"#ffffff\",\"autoEnableOutline\":\"false\",\"autoEnableThumbnail\":\"false\",\"overwritePDFOutline\":\"false\",\"direction\":\"1\",\"pageSize\":\"0\",\"source\":\"https:\\\/\\\/fundatiasfantulspiridon.ro\\\/wp-content\\\/uploads\\\/2025\\\/10\\\/procedura-incetare-acordare-servicii.pdf\",\"wpOptions\":\"true\"}; if(window.DFLIP && window.DFLIP.parseBooks){window.DFLIP.parseBooks();}<\/script><\/div>\n\t\t\t\t\t\t<\/div>\n\t\t\t\t\t<\/div>\n\t\t\t\t<\/div>\n\t\t\t\t<section class=\"elementor-section elementor-inner-section elementor-element elementor-element-e300491 elementor-section-boxed elementor-section-height-default elementor-section-height-default\" data-id=\"e300491\" data-element_type=\"section\">\n\t\t\t\t\t\t<div class=\"elementor-container elementor-column-gap-default\">\n\t\t\t\t\t<div class=\"elementor-column elementor-col-33 elementor-inner-column elementor-element elementor-element-3d758dd\" data-id=\"3d758dd\" data-element_type=\"column\">\n\t\t\t<div class=\"elementor-widget-wrap elementor-element-populated\">\n\t\t\t\t\t\t<div class=\"elementor-element elementor-element-ce1de6a elementor-widget elementor-widget-single-contact\" data-id=\"ce1de6a\" data-element_type=\"widget\" data-widget_type=\"single-contact.default\">\n\t\t\t\t<div class=\"elementor-widget-container\">\n\t\t\t\t\t\r\n\t\t<div class=\"single-contact-box text-center\">\r\n\t\t\t<div class=\"contact-icon\">\r\n\t\t\t\t\t\t\t\t\t<img decoding=\"async\" src=\"https:\/\/ifingerstudio.com\/chariton\/wp-content\/uploads\/2024\/11\/contact_icon01.png\" alt=\"Contact icon\">\r\n\t\t\t\t\t\t\t\t<i class=\"ifs-icon far fa-check\"><\/i>\r\n\t\t\t<\/div>\r\n\t\t\t<div class=\"contact-info\">\r\n\t\t\t\t<h4 >\r\n\t\t\t\t\tAdres\u0103 sediu\t\t\t\t<\/h4>\r\n\t\t\t\t<div class=\"contact-text\" >\r\n\t\t\t\t\t<p>Adresa: Strada Industriei nr. 169, bl. 33A, Br\u0103ila, Rom\u00e2nia<\/p>\t\t\t\t<\/div>\r\n\t\t\t<\/div>\r\n\t\t<\/div>\r\n\r\n\t\t\t\t\t\t<\/div>\n\t\t\t\t<\/div>\n\t\t\t\t\t<\/div>\n\t\t<\/div>\n\t\t\t\t<div class=\"elementor-column elementor-col-33 elementor-inner-column elementor-element elementor-element-6c2972e\" data-id=\"6c2972e\" data-element_type=\"column\">\n\t\t\t<div class=\"elementor-widget-wrap elementor-element-populated\">\n\t\t\t\t\t\t<div class=\"elementor-element elementor-element-31f0cb9 elementor-widget elementor-widget-single-contact\" data-id=\"31f0cb9\" data-element_type=\"widget\" data-widget_type=\"single-contact.default\">\n\t\t\t\t<div class=\"elementor-widget-container\">\n\t\t\t\t\t\r\n\t\t<div class=\"single-contact-box text-center\">\r\n\t\t\t<div class=\"contact-icon\">\r\n\t\t\t\t\t\t\t\t\t<img decoding=\"async\" src=\"https:\/\/ifingerstudio.com\/chariton\/wp-content\/uploads\/2024\/11\/contact_icon02.png\" alt=\"Contact icon\">\r\n\t\t\t\t\t\t\t\t<i class=\"ifs-icon far fa-check\"><\/i>\r\n\t\t\t<\/div>\r\n\t\t\t<div class=\"contact-info\">\r\n\t\t\t\t<h4 >\r\n\t\t\t\t\tNum\u0103r de telefon\t\t\t\t<\/h4>\r\n\t\t\t\t<div class=\"contact-text\" >\r\n\t\t\t\t\t\n            <a href=\"tel:+40712345678\">+40 712 345 678<\/a>\n\t\t\t\t<\/div>\r\n\t\t\t<\/div>\r\n\t\t<\/div>\r\n\r\n\t\t\t\t\t\t<\/div>\n\t\t\t\t<\/div>\n\t\t\t\t\t<\/div>\n\t\t<\/div>\n\t\t\t\t<div class=\"elementor-column elementor-col-33 elementor-inner-column elementor-element elementor-element-c0ded37\" data-id=\"c0ded37\" data-element_type=\"column\">\n\t\t\t<div class=\"elementor-widget-wrap elementor-element-populated\">\n\t\t\t\t\t\t<div class=\"elementor-element elementor-element-ac23064 elementor-widget elementor-widget-single-contact\" data-id=\"ac23064\" data-element_type=\"widget\" data-widget_type=\"single-contact.default\">\n\t\t\t\t<div class=\"elementor-widget-container\">\n\t\t\t\t\t\r\n\t\t<div class=\"single-contact-box text-center\">\r\n\t\t\t<div class=\"contact-icon\">\r\n\t\t\t\t\t\t\t\t\t<img decoding=\"async\" src=\"https:\/\/ifingerstudio.com\/chariton\/wp-content\/uploads\/2024\/11\/contact_icon03.png\" alt=\"Contact icon\">\r\n\t\t\t\t\t\t\t\t<i class=\"ifs-icon far fa-check\"><\/i>\r\n\t\t\t<\/div>\r\n\t\t\t<div class=\"contact-info\">\r\n\t\t\t\t<h4 >\r\n\t\t\t\t\tMail\t\t\t\t<\/h4>\r\n\t\t\t\t<div class=\"contact-text\" >\r\n\t\t\t\t\t<p>lilik_andrei@yahh.com<\/p>\t\t\t\t<\/div>\r\n\t\t\t<\/div>\r\n\t\t<\/div>\r\n\r\n\t\t\t\t\t\t<\/div>\n\t\t\t\t<\/div>\n\t\t\t\t\t<\/div>\n\t\t<\/div>\n\t\t\t\t\t<\/div>\n\t\t<\/section>\n\t\t\t\t\t<\/div>\n\t\t<\/div>\n\t\t\t\t\t<\/div>\n\t\t<\/section>\n\t\t\t\t<section class=\"elementor-section elementor-top-section elementor-element elementor-element-16f8faa elementor-section-boxed elementor-section-height-default elementor-section-height-default\" data-id=\"16f8faa\" data-element_type=\"section\">\n\t\t\t\t\t\t<div class=\"elementor-container elementor-column-gap-default\">\n\t\t\t\t\t<div class=\"elementor-column elementor-col-100 elementor-top-column elementor-element elementor-element-cfc40ea\" data-id=\"cfc40ea\" data-element_type=\"column\">\n\t\t\t<div class=\"elementor-widget-wrap elementor-element-populated\">\n\t\t\t\t\t\t<div class=\"elementor-element elementor-element-de3caa0 elementor-widget elementor-widget-google_maps\" data-id=\"de3caa0\" data-element_type=\"widget\" data-widget_type=\"google_maps.default\">\n\t\t\t\t\t\t\t<div class=\"elementor-custom-embed\">\n\t\t\t<iframe loading=\"lazy\"\n\t\t\t\t\tsrc=\"https:\/\/maps.google.com\/maps?q=Envato%20Pty%20Ltd.%2C%20King%20Street%2C%20Melbourne%20VIC%2C%20Australia&#038;t=m&#038;z=15&#038;output=embed&#038;iwloc=near\"\n\t\t\t\t\ttitle=\"Envato Pty Ltd., King Street, Melbourne VIC, Australia\"\n\t\t\t\t\taria-label=\"Envato Pty Ltd., King Street, Melbourne VIC, Australia\"\n\t\t\t><\/iframe>\n\t\t<\/div>\n\t\t\t\t\t\t<\/div>\n\t\t\t\t\t<\/div>\n\t\t<\/div>\n\t\t\t\t\t<\/div>\n\t\t<\/section>\n\t\t\t\t<\/div>\n\t\t","protected":false},"excerpt":{"rendered":"<p>Adres\u0103 sediu Adresa: Strada Industriei nr. 169, bl. 33A, Br\u0103ila, Rom\u00e2nia Num\u0103r de telefon +40 712 345 678 Mail lilik_andrei@yahh.com<\/p>\n","protected":false},"author":1,"featured_media":0,"parent":0,"menu_order":0,"comment_status":"closed","ping_status":"closed","template":"page-template\/blank-page-sidebar.php","meta":{"_acf_changed":false,"footnotes":""},"class_list":["post-3175","page","type-page","status-publish","hentry"],"acf":[],"_links":{"self":[{"href":"https:\/\/fundatiasfantulspiridon.ro\/index.php\/wp-json\/wp\/v2\/pages\/3175","targetHints":{"allow":["GET"]}}],"collection":[{"href":"https:\/\/fundatiasfantulspiridon.ro\/index.php\/wp-json\/wp\/v2\/pages"}],"about":[{"href":"https:\/\/fundatiasfantulspiridon.ro\/index.php\/wp-json\/wp\/v2\/types\/page"}],"author":[{"embeddable":true,"href":"https:\/\/fundatiasfantulspiridon.ro\/index.php\/wp-json\/wp\/v2\/users\/1"}],"replies":[{"embeddable":true,"href":"https:\/\/fundatiasfantulspiridon.ro\/index.php\/wp-json\/wp\/v2\/comments?post=3175"}],"version-history":[{"count":3,"href":"https:\/\/fundatiasfantulspiridon.ro\/index.php\/wp-json\/wp\/v2\/pages\/3175\/revisions"}],"predecessor-version":[{"id":3180,"href":"https:\/\/fundatiasfantulspiridon.ro\/index.php\/wp-json\/wp\/v2\/pages\/3175\/revisions\/3180"}],"wp:attachment":[{"href":"https:\/\/fundatiasfantulspiridon.ro\/index.php\/wp-json\/wp\/v2\/media?parent=3175"}],"curies":[{"name":"wp","href":"https:\/\/api.w.org\/{rel}","templated":true}]}}