{"id":797,"date":"2019-11-17T07:07:00","date_gmt":"2019-11-17T07:07:00","guid":{"rendered":"http:\/\/pluginspoint.com\/chariton\/\/?page_id=797"},"modified":"2026-03-19T07:08:26","modified_gmt":"2026-03-19T07:08:26","slug":"despre","status":"publish","type":"page","link":"https:\/\/fundatiasfantulspiridon.ro\/index.php\/despre\/","title":{"rendered":"Despre"},"content":{"rendered":"\t\t<div data-elementor-type=\"wp-page\" data-elementor-id=\"797\" class=\"elementor elementor-797\" data-elementor-post-type=\"page\">\n\t\t\t\t\t\t<section class=\"elementor-section elementor-top-section elementor-element elementor-element-bb59d6e elementor-section-boxed elementor-section-height-default elementor-section-height-default\" data-id=\"bb59d6e\" data-element_type=\"section\">\n\t\t\t\t\t\t<div class=\"elementor-container elementor-column-gap-default\">\n\t\t\t\t\t<div class=\"elementor-column elementor-col-100 elementor-top-column elementor-element elementor-element-f69b58d\" data-id=\"f69b58d\" data-element_type=\"column\">\n\t\t\t<div class=\"elementor-widget-wrap elementor-element-populated\">\n\t\t\t\t\t\t<section class=\"elementor-section elementor-inner-section elementor-element elementor-element-dd37212 elementor-section-boxed elementor-section-height-default elementor-section-height-default\" data-id=\"dd37212\" data-element_type=\"section\">\n\t\t\t\t\t\t<div class=\"elementor-container elementor-column-gap-default\">\n\t\t\t\t\t<div class=\"elementor-column elementor-col-50 elementor-inner-column elementor-element elementor-element-c341234\" data-id=\"c341234\" data-element_type=\"column\">\n\t\t\t<div class=\"elementor-widget-wrap elementor-element-populated\">\n\t\t\t\t\t\t<div class=\"elementor-element elementor-element-71d6fdd elementor-widget elementor-widget-section-head\" data-id=\"71d6fdd\" data-element_type=\"widget\" data-widget_type=\"section-head.default\">\n\t\t\t\t<div class=\"elementor-widget-container\">\n\t\t\t\t\t\t        <div class=\"section-title t-section-title t-features-title text-left \" style=\"background-image: url();\">\r\n\t            \t\t        <span >20 DE ANI DE EXPERIEN\u021a\u0102<\/span>\r\n\t\t        \t\t        <h2 >Noi ac\u021bion\u0103m pentru a schimba via\u021ba persoanelor aflate \u00een nevoie prin oferirea de hran\u0103 \u0219i sprijin \u00een cadrul cantinei sociale.<\/h2>\r\n\t\t        \t        <\/div>\r\n\r\n\t    \t\t\t\t\t<\/div>\n\t\t\t\t<\/div>\n\t\t\t\t\t<\/div>\n\t\t<\/div>\n\t\t\t\t<div class=\"elementor-column elementor-col-50 elementor-inner-column elementor-element elementor-element-b91c1f4\" data-id=\"b91c1f4\" data-element_type=\"column\">\n\t\t\t<div class=\"elementor-widget-wrap elementor-element-populated\">\n\t\t\t\t\t\t<div class=\"elementor-element elementor-element-b5a9ce6 elementor-widget elementor-widget-image\" data-id=\"b5a9ce6\" data-element_type=\"widget\" data-widget_type=\"image.default\">\n\t\t\t\t\t\t\t\t\t\t\t\t\t\t\t<img decoding=\"async\" src=\"https:\/\/fundatiasfantulspiridon.ro\/wp-content\/uploads\/elementor\/thumbs\/3106-rkq6urp2dk5iq89x8xpljg2wzv4cdmbppy6sz8jwl8.jpg\" title=\"3106\" alt=\"3106\" loading=\"lazy\" \/>\t\t\t\t\t\t\t\t\t\t\t\t\t\t\t<\/div>\n\t\t\t\t\t<\/div>\n\t\t<\/div>\n\t\t\t\t\t<\/div>\n\t\t<\/section>\n\t\t\t\t<div class=\"elementor-element elementor-element-82465e4 elementor-widget elementor-widget-heading\" data-id=\"82465e4\" data-element_type=\"widget\" data-widget_type=\"heading.default\">\n\t\t\t\t\t<p class=\"elementor-heading-title elementor-size-default\">Prin cantina social\u0103, r\u0103spundem nevoilor urgente ale celor care tr\u0103iesc \u00een s\u0103r\u0103cie extrem\u0103 sau \u00een izolare. Scopul nostru este s\u0103 atragem aten\u021bia asupra acestor realit\u0103\u021bi \u0219i s\u0103 oferim un sprijin concret: o mas\u0103 cald\u0103, un cuv\u00e2nt bun \u0219i un loc unde oamenii se simt v\u0103zu\u021bi.<\/p>\t\t\t\t<\/div>\n\t\t\t\t<div class=\"elementor-element elementor-element-995be58 elementor-widget elementor-widget-heading\" data-id=\"995be58\" data-element_type=\"widget\" data-widget_type=\"heading.default\">\n\t\t\t\t\t<p class=\"elementor-heading-title elementor-size-default\">Ast\u0103zi ne concentr\u0103m pe \u00eemplinirea misiunii noastre: s\u0103 oferim sprijin concret, demnitate \u0219i speran\u021b\u0103 prin fiecare por\u021bie de m\u00e2ncare servit\u0103. \u00cempreun\u0103 cu echipa noastr\u0103, r\u0103m\u00e2nem dedica\u021bi chem\u0103rii de a fi lumin\u0103 acolo unde e nevoie de ea, folosind cantina ca loc de slujire \u0219i solidaritate.<\/p>\t\t\t\t<\/div>\n\t\t\t\t\t<\/div>\n\t\t<\/div>\n\t\t\t\t\t<\/div>\n\t\t<\/section>\n\t\t\t\t<section class=\"elementor-section elementor-top-section elementor-element elementor-element-c91e1ec elementor-section-boxed elementor-section-height-default elementor-section-height-default\" data-id=\"c91e1ec\" data-element_type=\"section\">\n\t\t\t\t\t\t<div class=\"elementor-container elementor-column-gap-default\">\n\t\t\t\t\t<div class=\"elementor-column elementor-col-100 elementor-top-column elementor-element elementor-element-88091d1\" data-id=\"88091d1\" data-element_type=\"column\">\n\t\t\t<div class=\"elementor-widget-wrap elementor-element-populated\">\n\t\t\t\t\t\t<section class=\"elementor-section elementor-inner-section elementor-element elementor-element-c7bf8b0 elementor-section-boxed elementor-section-height-default elementor-section-height-default\" data-id=\"c7bf8b0\" data-element_type=\"section\">\n\t\t\t\t\t\t<div class=\"elementor-container elementor-column-gap-default\">\n\t\t\t\t\t<div class=\"elementor-column elementor-col-33 elementor-inner-column elementor-element elementor-element-a447c95\" data-id=\"a447c95\" data-element_type=\"column\">\n\t\t\t<div class=\"elementor-widget-wrap\">\n\t\t\t\t\t\t\t<\/div>\n\t\t<\/div>\n\t\t\t\t<div class=\"elementor-column elementor-col-33 elementor-inner-column elementor-element elementor-element-5501d16\" data-id=\"5501d16\" data-element_type=\"column\">\n\t\t\t<div class=\"elementor-widget-wrap elementor-element-populated\">\n\t\t\t\t\t\t<div class=\"elementor-element elementor-element-ae3316a elementor-widget elementor-widget-section-head\" data-id=\"ae3316a\" data-element_type=\"widget\" data-widget_type=\"section-head.default\">\n\t\t\t\t<div class=\"elementor-widget-container\">\n\t\t\t\t\t\t\t\t<div class=\"section-title text-center\">\r\n\t\t\t\t\t\t        <h2 class=\"wow fadeInUp\" data-wow-delay=\"0.2s\">Func\u021bii principale<\/h2>\r\n\t\t        \t\t\t<\/div>\r\n\t\t\t\t\t\t\t<\/div>\n\t\t\t\t<\/div>\n\t\t\t\t\t<\/div>\n\t\t<\/div>\n\t\t\t\t<div class=\"elementor-column elementor-col-33 elementor-inner-column elementor-element elementor-element-4a205a5\" data-id=\"4a205a5\" data-element_type=\"column\">\n\t\t\t<div class=\"elementor-widget-wrap\">\n\t\t\t\t\t\t\t<\/div>\n\t\t<\/div>\n\t\t\t\t\t<\/div>\n\t\t<\/section>\n\t\t\t\t<div class=\"elementor-element elementor-element-dc91496 elementor-widget elementor-widget-html\" data-id=\"dc91496\" data-element_type=\"widget\" data-widget_type=\"html.default\">\n\t\t\t\t\t<div style=\"display: flex; flex-wrap: wrap; gap: 20px; justify-content: center; max-width: 1100px; margin: auto; padding: 40px 20px; font-family: Arial, sans-serif;\">\n\n  <!-- Serviciul 1 -->\n  <div style=\"flex: 1 1 300px; background-color: #f9f9f9; padding: 25px; border-radius: 12px; box-shadow: 0 0 12px rgba(0,0,0,0.08); text-align: center;\">\n    <h3 style=\"color: #2c8f47; margin-bottom: 10px;\">Mese calde zilnic<\/h3>\n    <p style=\"color: #444;\">Oferim zilnic m\u00e2ncare g\u0103tit\u0103 persoanelor aflate \u00een dificultate \u2013 proasp\u0103t\u0103, hr\u0103nitoare \u0219i preg\u0103tit\u0103 cu grij\u0103.<\/p>\n  <\/div>\n\n  <!-- Serviciul 2 -->\n  <div style=\"flex: 1 1 300px; background-color: #f9f9f9; padding: 25px; border-radius: 12px; box-shadow: 0 0 12px rgba(0,0,0,0.08); text-align: center;\">\n    <h3 style=\"color: #2c8f47; margin-bottom: 10px;\">Pachete la domiciliu<\/h3>\n    <p style=\"color: #444;\">Pentru cei care nu pot ajunge la noi, livr\u0103m pachete alimentare direct la domiciliu, cu sprijinul voluntarilor.<\/p>\n  <\/div>\n\n  <!-- Serviciul 3 -->\n  <div style=\"flex: 1 1 300px; background-color: #f9f9f9; padding: 25px; border-radius: 12px; box-shadow: 0 0 12px rgba(0,0,0,0.08); text-align: center;\">\n    <h3 style=\"color: #2c8f47; margin-bottom: 10px;\">Consiliere \u0219i sprijin<\/h3>\n    <p style=\"color: #444;\">Ajut\u0103m beneficiarii nu doar cu hran\u0103, ci \u0219i cu \u00eendrumare social\u0103, emo\u021bional\u0103 \u0219i sprijin \u00een reintegrare.<\/p>\n  <\/div>\n\n<\/div>\n\t\t\t\t<\/div>\n\t\t\t\t\t<\/div>\n\t\t<\/div>\n\t\t\t\t\t<\/div>\n\t\t<\/section>\n\t\t\t\t<section class=\"elementor-section elementor-top-section elementor-element elementor-element-ec3d61d elementor-section-boxed elementor-section-height-default elementor-section-height-default\" data-id=\"ec3d61d\" data-element_type=\"section\" data-settings=\"{&quot;background_background&quot;:&quot;classic&quot;}\">\n\t\t\t\t\t\t<div class=\"elementor-container elementor-column-gap-default\">\n\t\t\t\t\t<div class=\"elementor-column elementor-col-50 elementor-top-column elementor-element elementor-element-2a48dd9\" data-id=\"2a48dd9\" data-element_type=\"column\">\n\t\t\t<div class=\"elementor-widget-wrap elementor-element-populated\">\n\t\t\t\t\t\t<div class=\"elementor-element elementor-element-0a7c550 elementor-invisible elementor-widget elementor-widget-image\" data-id=\"0a7c550\" data-element_type=\"widget\" data-settings=\"{&quot;_animation&quot;:&quot;fadeInLeft&quot;}\" data-widget_type=\"image.default\">\n\t\t\t\t\t\t\t\t\t\t\t\t\t\t\t<img decoding=\"async\" src=\"https:\/\/fundatiasfantulspiridon.ro\/wp-content\/uploads\/elementor\/thumbs\/pexels-julia-m-cameron-6995247-1-scaled-r9h051fy9a3di6vwboh63l3eaza8bwgkipfb6prwsc.webp\" title=\"pexels-julia-m-cameron-6995247 (1)\" alt=\"pexels-julia-m-cameron-6995247 (1)\" loading=\"lazy\" \/>\t\t\t\t\t\t\t\t\t\t\t\t\t\t\t<\/div>\n\t\t\t\t\t<\/div>\n\t\t<\/div>\n\t\t\t\t<div class=\"elementor-column elementor-col-50 elementor-top-column elementor-element elementor-element-2cd7add\" data-id=\"2cd7add\" data-element_type=\"column\">\n\t\t\t<div class=\"elementor-widget-wrap elementor-element-populated\">\n\t\t\t\t\t\t<div class=\"elementor-element elementor-element-0ae8831 elementor-widget elementor-widget-section-head\" data-id=\"0ae8831\" data-element_type=\"widget\" data-widget_type=\"section-head.default\">\n\t\t\t\t<div class=\"elementor-widget-container\">\n\t\t\t\t\t\t        <div class=\"section-title t-section-title t-features-title text-left \" style=\"background-image: url();\">\r\n\t            \t\t        <span >SCOPUL NOSTRU<\/span>\r\n\t\t        \t\t        <h2 >\u00cempreun\u0103, aducem speran\u021b\u0103 acolo unde e nevoie<\/h2>\r\n\t\t        \t        <\/div>\r\n\r\n\t    \t\t\t\t\t<\/div>\n\t\t\t\t<\/div>\n\t\t\t\t<div class=\"elementor-element elementor-element-2563025 elementor-widget elementor-widget-heading\" data-id=\"2563025\" data-element_type=\"widget\" data-widget_type=\"heading.default\">\n\t\t\t\t\t<h4 class=\"elementor-heading-title elementor-size-default\">Nimeni nu ar trebui s\u0103 \u00eendure foamea \u00een t\u0103cere.<\/h4>\t\t\t\t<\/div>\n\t\t\t\t<div class=\"elementor-element elementor-element-7a4c04a elementor-widget elementor-widget-heading\" data-id=\"7a4c04a\" data-element_type=\"widget\" data-widget_type=\"heading.default\">\n\t\t\t\t\t<p class=\"elementor-heading-title elementor-size-default\">Suntem aici pentru cei uita\u021bi, pentru cei care nu cer, dar au nevoie. Nu oferim doar hran\u0103 \u2014 oferim demnitate, aten\u021bie \u0219i un loc la mas\u0103. Credem c\u0103 fiecare suflet conteaz\u0103, iar prin cantina noastr\u0103 social\u0103 \u00eencerc\u0103m, zi de zi, s\u0103 aducem pu\u021bin\u0103 lumin\u0103 \u00een vie\u021bile celor mai vulnerabili.<\/p>\t\t\t\t<\/div>\n\t\t\t\t<section class=\"elementor-section elementor-inner-section elementor-element elementor-element-037e078 elementor-section-boxed elementor-section-height-default elementor-section-height-default\" data-id=\"037e078\" data-element_type=\"section\">\n\t\t\t\t\t\t<div class=\"elementor-container elementor-column-gap-default\">\n\t\t\t\t\t<div class=\"elementor-column elementor-col-33 elementor-inner-column elementor-element elementor-element-84e2d4d\" data-id=\"84e2d4d\" data-element_type=\"column\" data-settings=\"{&quot;background_background&quot;:&quot;classic&quot;}\">\n\t\t\t<div class=\"elementor-widget-wrap elementor-element-populated\">\n\t\t\t\t\t\t<div class=\"elementor-element elementor-element-d965fd9 elementor-widget elementor-widget-single-counter\" data-id=\"d965fd9\" data-element_type=\"widget\" data-widget_type=\"single-counter.default\">\n\t\t\t\t<div class=\"elementor-widget-container\">\n\t\t\t\t\t\t        <div class=\"single-counter  text-center\">\r\n\t            \t                <div class=\"counter-icon\">\r\n\t                    \t                        <i class=\"ifs-icon fas fa-people-carry\"><\/i>\r\n\t                    \t                <\/div>\r\n\t            \t            <div class=\"counter-content\">\r\n\t                \t                    <h2>\r\n\t                        <span  class=\"count\">\r\n\t                            2000\t                        <\/span>+\t                    <\/h2>\r\n\t                \t                \t                    <p >\r\n\t                        Dona\u021bii\t                    <\/p>\r\n\t                \t            <\/div>\r\n\t        <\/div>\r\n\t    \t\t\t\t<\/div>\n\t\t\t\t<\/div>\n\t\t\t\t\t<\/div>\n\t\t<\/div>\n\t\t\t\t<div class=\"elementor-column elementor-col-33 elementor-inner-column elementor-element elementor-element-305af04\" data-id=\"305af04\" data-element_type=\"column\" data-settings=\"{&quot;background_background&quot;:&quot;classic&quot;}\">\n\t\t\t<div class=\"elementor-widget-wrap elementor-element-populated\">\n\t\t\t\t\t\t<div class=\"elementor-element elementor-element-74df45b elementor-widget elementor-widget-single-counter\" data-id=\"74df45b\" data-element_type=\"widget\" data-widget_type=\"single-counter.default\">\n\t\t\t\t<div class=\"elementor-widget-container\">\n\t\t\t\t\t\t        <div class=\"single-counter  text-center\">\r\n\t            \t                <div class=\"counter-icon\">\r\n\t                    \t                        <i class=\"ifs-icon fas fa-users\"><\/i>\r\n\t                    \t                <\/div>\r\n\t            \t            <div class=\"counter-content\">\r\n\t                \t                    <h2>\r\n\t                        <span  class=\"count\">\r\n\t                            15\t                        <\/span>+\t                    <\/h2>\r\n\t                \t                \t                    <p >\r\n\t                        Voluntari\t                    <\/p>\r\n\t                \t            <\/div>\r\n\t        <\/div>\r\n\t    \t\t\t\t<\/div>\n\t\t\t\t<\/div>\n\t\t\t\t\t<\/div>\n\t\t<\/div>\n\t\t\t\t<div class=\"elementor-column elementor-col-33 elementor-inner-column elementor-element elementor-element-185f382\" data-id=\"185f382\" data-element_type=\"column\" data-settings=\"{&quot;background_background&quot;:&quot;classic&quot;}\">\n\t\t\t<div class=\"elementor-widget-wrap elementor-element-populated\">\n\t\t\t\t\t\t<div class=\"elementor-element elementor-element-8a1d9fe elementor-widget elementor-widget-single-counter\" data-id=\"8a1d9fe\" data-element_type=\"widget\" data-widget_type=\"single-counter.default\">\n\t\t\t\t<div class=\"elementor-widget-container\">\n\t\t\t\t\t\t        <div class=\"single-counter  text-center\">\r\n\t            \t                <div class=\"counter-icon\">\r\n\t                    \t                        <i class=\"ifs-icon fas fa-smile\"><\/i>\r\n\t                    \t                <\/div>\r\n\t            \t            <div class=\"counter-content\">\r\n\t                \t                    <h2>\r\n\t                        <span  class=\"count\">\r\n\t                            1100\t                        <\/span>+\t                    <\/h2>\r\n\t                \t                \t                    <p >\r\n\t                        Z\u00e2mbete aduse\t                    <\/p>\r\n\t                \t            <\/div>\r\n\t        <\/div>\r\n\t    \t\t\t\t<\/div>\n\t\t\t\t<\/div>\n\t\t\t\t\t<\/div>\n\t\t<\/div>\n\t\t\t\t\t<\/div>\n\t\t<\/section>\n\t\t\t\t\t<\/div>\n\t\t<\/div>\n\t\t\t\t\t<\/div>\n\t\t<\/section>\n\t\t\t\t<\/div>\n\t\t","protected":false},"excerpt":{"rendered":"<p>20 DE ANI DE EXPERIEN\u021a\u0102 Noi ac\u021bion\u0103m pentru a schimba via\u021ba persoanelor aflate \u00een nevoie prin oferirea de hran\u0103 \u0219i sprijin \u00een cadrul cantinei sociale. Prin cantina social\u0103, r\u0103spundem nevoilor urgente ale celor care tr\u0103iesc \u00een s\u0103r\u0103cie extrem\u0103 sau \u00een izolare. Scopul nostru este s\u0103 atragem aten\u021bia asupra acestor realit\u0103\u021bi \u0219i s\u0103 oferim un sprijin [&hellip;]<\/p>\n","protected":false},"author":1,"featured_media":0,"parent":0,"menu_order":0,"comment_status":"closed","ping_status":"closed","template":"page-template\/blank-page-sidebar.php","meta":{"_acf_changed":false,"footnotes":""},"class_list":["post-797","page","type-page","status-publish","hentry"],"acf":[],"_links":{"self":[{"href":"https:\/\/fundatiasfantulspiridon.ro\/index.php\/wp-json\/wp\/v2\/pages\/797","targetHints":{"allow":["GET"]}}],"collection":[{"href":"https:\/\/fundatiasfantulspiridon.ro\/index.php\/wp-json\/wp\/v2\/pages"}],"about":[{"href":"https:\/\/fundatiasfantulspiridon.ro\/index.php\/wp-json\/wp\/v2\/types\/page"}],"author":[{"embeddable":true,"href":"https:\/\/fundatiasfantulspiridon.ro\/index.php\/wp-json\/wp\/v2\/users\/1"}],"replies":[{"embeddable":true,"href":"https:\/\/fundatiasfantulspiridon.ro\/index.php\/wp-json\/wp\/v2\/comments?post=797"}],"version-history":[{"count":11,"href":"https:\/\/fundatiasfantulspiridon.ro\/index.php\/wp-json\/wp\/v2\/pages\/797\/revisions"}],"predecessor-version":[{"id":3213,"href":"https:\/\/fundatiasfantulspiridon.ro\/index.php\/wp-json\/wp\/v2\/pages\/797\/revisions\/3213"}],"wp:attachment":[{"href":"https:\/\/fundatiasfantulspiridon.ro\/index.php\/wp-json\/wp\/v2\/media?parent=797"}],"curies":[{"name":"wp","href":"https:\/\/api.w.org\/{rel}","templated":true}]}}